{"id":231216,"date":"2023-03-29T18:00:22","date_gmt":"2023-03-29T18:00:22","guid":{"rendered":"http:\/\/www.celtiques.com\/?page_id=231216"},"modified":"2023-06-16T03:43:51","modified_gmt":"2023-06-16T03:43:51","slug":"recreatif","status":"publish","type":"page","link":"https:\/\/celtiques.com\/?page_id=231216","title":{"rendered":"r\u00e9cr\u00e9atif"},"content":{"rendered":"<p>[et_pb_section fb_built=\u00a0\u00bb1&Prime; fullwidth=\u00a0\u00bbon\u00a0\u00bb _builder_version=\u00a0\u00bb4.20.2&Prime; _module_preset=\u00a0\u00bbdefault\u00a0\u00bb background_color=\u00a0\u00bb#01864A\u00a0\u00bb background_image=\u00a0\u00bbhttp:\/\/www.celtiques.com\/wp-content\/uploads\/2023\/01\/0C5A3277-1-2.webp\u00a0\u00bb background_position=\u00a0\u00bbtop_center\u00a0\u00bb background_vertical_offset=\u00a0\u00bb9%\u00a0\u00bb background_blend=\u00a0\u00bbmultiply\u00a0\u00bb height=\u00a0\u00bb250px\u00a0\u00bb locked=\u00a0\u00bboff\u00a0\u00bb global_colors_info=\u00a0\u00bb{}\u00a0\u00bb][\/et_pb_section][et_pb_section fb_built=\u00a0\u00bb1&Prime; admin_label=\u00a0\u00bbMarket Information Section\u00a0\u00bb _builder_version=\u00a0\u00bb4.20.2&Prime; background_color=\u00a0\u00bb#FFFFFF\u00a0\u00bb custom_margin=\u00a0\u00bb||0px||false|false\u00a0\u00bb custom_padding=\u00a0\u00bb85px|0px|3px||false|false\u00a0\u00bb global_colors_info=\u00a0\u00bb{}\u00a0\u00bb][et_pb_row column_structure=\u00a0\u00bb3_4,1_4&Prime; admin_label=\u00a0\u00bbMarket Information Title Area\u00a0\u00bb _builder_version=\u00a0\u00bb4.20.2&Prime; custom_padding=\u00a0\u00bb7px|0px|5px|0px||\u00a0\u00bb animation_style=\u00a0\u00bbfade\u00a0\u00bb custom_css_main_element=\u00a0\u00bbalign-items:center;||margin:auto;\u00a0\u00bb locked=\u00a0\u00bboff\u00a0\u00bb global_colors_info=\u00a0\u00bb{}\u00a0\u00bb][et_pb_column type=\u00a0\u00bb3_4&Prime; _builder_version=\u00a0\u00bb4.20.2&Prime; custom_padding=\u00a0\u00bb|0px|||false|false\u00a0\u00bb global_colors_info=\u00a0\u00bb{}\u00a0\u00bb custom_padding__hover=\u00a0\u00bb|||\u00a0\u00bb][et_pb_text _builder_version=\u00a0\u00bb4.20.2&Prime; text_font=\u00a0\u00bbPoppins||||||||\u00a0\u00bb text_text_color=\u00a0\u00bb#333333&Prime; text_font_size=\u00a0\u00bb13px\u00a0\u00bb header_font=\u00a0\u00bb||||||||\u00a0\u00bb header_2_font=\u00a0\u00bbMontserrat|700||on|||||\u00a0\u00bb header_2_text_color=\u00a0\u00bb#01864A\u00a0\u00bb header_2_font_size=\u00a0\u00bb36px\u00a0\u00bb header_4_text_color=\u00a0\u00bb#333333&Prime; header_4_line_height=\u00a0\u00bb1.2em\u00a0\u00bb custom_margin=\u00a0\u00bb1%||5.5%||false|false\u00a0\u00bb custom_padding=\u00a0\u00bb||0px||false|false\u00a0\u00bb animation_direction=\u00a0\u00bbleft\u00a0\u00bb global_colors_info=\u00a0\u00bb{}\u00a0\u00bb]<\/p>\n<p><a href=\"\/\">Accueil<\/a> &gt; <a href=\"\/equipes\">\u00c9quipes<\/a> &gt; <strong>R\u00e9cr\u00e9atif<\/strong><\/p>\n<p>[\/et_pb_text][et_pb_text admin_label=\u00a0\u00bbTitle\u00a0\u00bb _builder_version=\u00a0\u00bb4.20.2&Prime; text_font=\u00a0\u00bbPoppins||||||||\u00a0\u00bb text_text_color=\u00a0\u00bb#000000&Prime; text_font_size=\u00a0\u00bb15px\u00a0\u00bb header_font=\u00a0\u00bb||||||||\u00a0\u00bb header_text_align=\u00a0\u00bbcenter\u00a0\u00bb header_text_color=\u00a0\u00bb#333333&Prime; header_font_size=\u00a0\u00bb50px\u00a0\u00bb header_line_height=\u00a0\u00bb1.1em\u00a0\u00bb header_2_font=\u00a0\u00bbMontserrat|700||on|||||\u00a0\u00bb header_2_text_color=\u00a0\u00bb#333333&Prime; header_2_font_size=\u00a0\u00bb50px\u00a0\u00bb header_2_line_height=\u00a0\u00bb1.1em\u00a0\u00bb custom_margin=\u00a0\u00bb||2%||false|false\u00a0\u00bb custom_padding=\u00a0\u00bb|||\u00a0\u00bb animation_direction=\u00a0\u00bbleft\u00a0\u00bb header_font_size_tablet=\u00a0\u00bb45px\u00a0\u00bb header_font_size_phone=\u00a0\u00bb40px\u00a0\u00bb header_font_size_last_edited=\u00a0\u00bbon|phone\u00a0\u00bb header_2_font_size_tablet=\u00a0\u00bb45px\u00a0\u00bb header_2_font_size_phone=\u00a0\u00bb30px\u00a0\u00bb header_2_font_size_last_edited=\u00a0\u00bbon|desktop\u00a0\u00bb global_colors_info=\u00a0\u00bb{}\u00a0\u00bb]<\/p>\n<h1 style=\"text-align: left;\">R\u00e9cr\u00e9atif<\/h1>\n<p>[\/et_pb_text][et_pb_text _builder_version=\u00a0\u00bb4.19.5&Prime; text_font=\u00a0\u00bbPoppins||||||||\u00a0\u00bb text_text_color=\u00a0\u00bb#000000&Prime; text_font_size=\u00a0\u00bb15px\u00a0\u00bb header_font=\u00a0\u00bb||||||||\u00a0\u00bb header_2_font=\u00a0\u00bbMontserrat||||||||\u00a0\u00bb header_2_text_color=\u00a0\u00bb#01864A\u00a0\u00bb header_2_font_size=\u00a0\u00bb22px\u00a0\u00bb header_2_line_height=\u00a0\u00bb1.3em\u00a0\u00bb header_4_text_color=\u00a0\u00bb#333333&Prime; header_4_line_height=\u00a0\u00bb1.2em\u00a0\u00bb custom_margin=\u00a0\u00bb||9px||false|false\u00a0\u00bb custom_padding=\u00a0\u00bb||0px||false|false\u00a0\u00bb animation_direction=\u00a0\u00bbleft\u00a0\u00bb global_colors_info=\u00a0\u00bb{}\u00a0\u00bb]<\/p>\n<h2>La ligue r\u00e9cr\u00e9ative est ouverte pour les joueurs et joueuses qui souhaitent pratiquer le handball sans comp\u00e9tition officielle, avec d\u2019autres passionn\u00e9s, dans la joie et la bonne humeur. <\/h2>\n<p>[\/et_pb_text][et_pb_text _builder_version=\u00a0\u00bb4.20.2&Prime; text_font=\u00a0\u00bbPoppins||||||||\u00a0\u00bb text_text_color=\u00a0\u00bb#000000&Prime; text_font_size=\u00a0\u00bb16px\u00a0\u00bb header_font=\u00a0\u00bb||||||||\u00a0\u00bb header_2_font=\u00a0\u00bbMontserrat|700||on|||||\u00a0\u00bb header_2_text_color=\u00a0\u00bb#01864A\u00a0\u00bb header_2_font_size=\u00a0\u00bb36px\u00a0\u00bb header_4_text_color=\u00a0\u00bb#333333&Prime; header_4_line_height=\u00a0\u00bb1.2em\u00a0\u00bb custom_margin=\u00a0\u00bb1%||-1px||false|false\u00a0\u00bb custom_padding=\u00a0\u00bb||0px||false|false\u00a0\u00bb animation_direction=\u00a0\u00bbleft\u00a0\u00bb global_colors_info=\u00a0\u00bb{}\u00a0\u00bb]<\/p>\n<p>L\u2019investissement personnel en termes de temps est plus r\u00e9duit par rapport au comp\u00e9titif, mais le fun et l\u2019esprit d\u2019\u00e9quipe y sont tout aussi pr\u00e9sents!<\/p>\n<p><strong>Celle-ci est mixte et donc ouverte \u00e0 toutes et tous!<\/strong><\/p>\n<p>[\/et_pb_text][\/et_pb_column][et_pb_column type=\u00a0\u00bb1_4&Prime; _builder_version=\u00a0\u00bb4.16&Prime; custom_padding=\u00a0\u00bb|||\u00a0\u00bb global_colors_info=\u00a0\u00bb{}\u00a0\u00bb custom_padding__hover=\u00a0\u00bb|||\u00a0\u00bb][dnxte_advanced_tab _builder_version=\u00a0\u00bb4.19.5&Prime; _module_preset=\u00a0\u00bbdefault\u00a0\u00bb global_colors_info=\u00a0\u00bb{}\u00a0\u00bb][\/dnxte_advanced_tab][\/et_pb_column][\/et_pb_row][\/et_pb_section][et_pb_section fb_built=\u00a0\u00bb1&Prime; _builder_version=\u00a0\u00bb4.20.2&Prime; _module_preset=\u00a0\u00bbdefault\u00a0\u00bb background_color=\u00a0\u00bb#FFFFFF\u00a0\u00bb use_background_color_gradient=\u00a0\u00bbon\u00a0\u00bb background_color_gradient_stops=\u00a0\u00bb#ffffff 22%|#01864a 22%|rgba(0, 46, 25, 1) 64%|#000000 100%\u00a0\u00bb custom_margin=\u00a0\u00bb||0px||false|false\u00a0\u00bb custom_padding=\u00a0\u00bb60px|0px|100px||false|false\u00a0\u00bb global_colors_info=\u00a0\u00bb{}\u00a0\u00bb][et_pb_row _builder_version=\u00a0\u00bb4.20.2&Prime; _module_preset=\u00a0\u00bbdefault\u00a0\u00bb animation_style=\u00a0\u00bbfade\u00a0\u00bb global_colors_info=\u00a0\u00bb{}\u00a0\u00bb][et_pb_column type=\u00a0\u00bb4_4&Prime; _builder_version=\u00a0\u00bb4.20.2&Prime; _module_preset=\u00a0\u00bbdefault\u00a0\u00bb global_colors_info=\u00a0\u00bb{}\u00a0\u00bb][et_pb_blog fullwidth=\u00a0\u00bboff\u00a0\u00bb include_categories=\u00a0\u00bb27&Prime; excerpt_length=\u00a0\u00bb175&Prime; show_more=\u00a0\u00bbon\u00a0\u00bb show_author=\u00a0\u00bboff\u00a0\u00bb show_categories=\u00a0\u00bboff\u00a0\u00bb masonry_tile_background_color=\u00a0\u00bbgcid-949239c1-2cf6-4165-9591-29c59192e525&Prime; _builder_version=\u00a0\u00bb4.20.2&Prime; _module_preset=\u00a0\u00bbdefault\u00a0\u00bb header_level=\u00a0\u00bbh3&Prime; header_font=\u00a0\u00bb|||on|||||\u00a0\u00bb header_font_size=\u00a0\u00bb24px\u00a0\u00bb header_line_height=\u00a0\u00bb1.1em\u00a0\u00bb body_text_color=\u00a0\u00bb#151515&Prime; body_font_size=\u00a0\u00bb16px\u00a0\u00bb meta_text_color=\u00a0\u00bb#333333&Prime; read_more_font=\u00a0\u00bb|||on|||||\u00a0\u00bb border_width_all=\u00a0\u00bb0px\u00a0\u00bb border_color_all=\u00a0\u00bb#E0E0E0&Prime; global_colors_info=\u00a0\u00bb{%22gcid-949239c1-2cf6-4165-9591-29c59192e525%22:%91%22masonry_tile_background_color%22%93}\u00a0\u00bb header_text_color__hover=\u00a0\u00bb#01864A\u00a0\u00bb header_text_color__hover_enabled=\u00a0\u00bbon|desktop\u00a0\u00bb][\/et_pb_blog][\/et_pb_column][\/et_pb_row][\/et_pb_section]<\/p>\n","protected":false},"excerpt":{"rendered":"<p>Accueil &gt; \u00c9quipes &gt; R\u00e9cr\u00e9atifR\u00e9cr\u00e9atifLa ligue r\u00e9cr\u00e9ative est ouverte pour les joueurs et joueuses qui souhaitent pratiquer le handball sans comp\u00e9tition officielle, avec d\u2019autres passionn\u00e9s, dans la joie et la bonne humeur. L\u2019investissement personnel en termes de temps est plus r\u00e9duit par rapport au comp\u00e9titif, mais le fun et l\u2019esprit d\u2019\u00e9quipe y sont tout aussi [&hellip;]<\/p>\n","protected":false},"author":1,"featured_media":0,"parent":0,"menu_order":0,"comment_status":"closed","ping_status":"closed","template":"","meta":{"_et_pb_use_builder":"on","_et_pb_old_content":"","_et_gb_content_width":"","footnotes":""},"class_list":["post-231216","page","type-page","status-publish","hentry"],"yoast_head":"<!-- This site is optimized with the Yoast SEO plugin v26.8 - https:\/\/yoast.com\/product\/yoast-seo-wordpress\/ -->\n<title>r\u00e9cr\u00e9atif<\/title>\n<meta name=\"description\" content=\"Accueil &gt; \u00c9quipes &gt; R\u00e9cr\u00e9atifR\u00e9cr\u00e9atifLa ligue r\u00e9cr\u00e9ative est ouverte pour les joueurs et joueuses qui souhaitent pratiquer le handball sans comp\u00e9tition officielle, avec d\u2019autres passionn\u00e9s, dans la joie et la bonne humeur. L\u2019investissement personnel en termes de temps est plus r\u00e9duit par rapport au comp\u00e9titif, mais le fun et l\u2019esprit d\u2019\u00e9quipe y sont tout aussi [&hellip;]\" \/>\n<meta name=\"robots\" content=\"index, follow, max-snippet:-1, max-image-preview:large, max-video-preview:-1\" \/>\n<link rel=\"canonical\" href=\"https:\/\/celtiques.com\/?page_id=231216\" \/>\n<meta property=\"og:locale\" content=\"fr_FR\" \/>\n<meta property=\"og:type\" content=\"article\" \/>\n<meta property=\"og:title\" content=\"r\u00e9cr\u00e9atif\" \/>\n<meta property=\"og:description\" content=\"Accueil &gt; \u00c9quipes &gt; R\u00e9cr\u00e9atifR\u00e9cr\u00e9atifLa ligue r\u00e9cr\u00e9ative est ouverte pour les joueurs et joueuses qui souhaitent pratiquer le handball sans comp\u00e9tition officielle, avec d\u2019autres passionn\u00e9s, dans la joie et la bonne humeur. L\u2019investissement personnel en termes de temps est plus r\u00e9duit par rapport au comp\u00e9titif, mais le fun et l\u2019esprit d\u2019\u00e9quipe y sont tout aussi [&hellip;]\" \/>\n<meta property=\"og:url\" content=\"https:\/\/celtiques.com\/?page_id=231216\" \/>\n<meta property=\"og:site_name\" content=\"Club de Handball Celtique de Montr\u00e9al\" \/>\n<meta property=\"article:publisher\" content=\"https:\/\/www.facebook.com\/HandballClubCeltiqueDeMontreal\" \/>\n<meta property=\"article:modified_time\" content=\"2023-06-16T03:43:51+00:00\" \/>\n<meta name=\"twitter:card\" content=\"summary_large_image\" \/>\n<meta name=\"twitter:label1\" content=\"Dur\u00e9e de lecture estim\u00e9e\" \/>\n\t<meta name=\"twitter:data1\" content=\"2 minutes\" \/>\n<script type=\"application\/ld+json\" class=\"yoast-schema-graph\">{\"@context\":\"https:\/\/schema.org\",\"@graph\":[{\"@type\":\"WebPage\",\"@id\":\"https:\/\/celtiques.com\/?page_id=231216\",\"url\":\"https:\/\/celtiques.com\/?page_id=231216\",\"name\":\"r\u00e9cr\u00e9atif\",\"isPartOf\":{\"@id\":\"https:\/\/celtiques.com\/#website\"},\"datePublished\":\"2023-03-29T18:00:22+00:00\",\"dateModified\":\"2023-06-16T03:43:51+00:00\",\"breadcrumb\":{\"@id\":\"https:\/\/celtiques.com\/?page_id=231216#breadcrumb\"},\"inLanguage\":\"fr-FR\",\"potentialAction\":[{\"@type\":\"ReadAction\",\"target\":[\"https:\/\/celtiques.com\/?page_id=231216\"]}]},{\"@type\":\"BreadcrumbList\",\"@id\":\"https:\/\/celtiques.com\/?page_id=231216#breadcrumb\",\"itemListElement\":[{\"@type\":\"ListItem\",\"position\":1,\"name\":\"Accueil\",\"item\":\"https:\/\/celtiques.com\/\"},{\"@type\":\"ListItem\",\"position\":2,\"name\":\"r\u00e9cr\u00e9atif\"}]},{\"@type\":\"WebSite\",\"@id\":\"https:\/\/celtiques.com\/#website\",\"url\":\"https:\/\/celtiques.com\/\",\"name\":\"Club de Handball Celtique de Montr\u00e9al\",\"description\":\"Club de Handball Celtique de Montr\u00e9al\",\"publisher\":{\"@id\":\"https:\/\/celtiques.com\/#organization\"},\"potentialAction\":[{\"@type\":\"SearchAction\",\"target\":{\"@type\":\"EntryPoint\",\"urlTemplate\":\"https:\/\/celtiques.com\/?s={search_term_string}\"},\"query-input\":{\"@type\":\"PropertyValueSpecification\",\"valueRequired\":true,\"valueName\":\"search_term_string\"}}],\"inLanguage\":\"fr-FR\"},{\"@type\":\"Organization\",\"@id\":\"https:\/\/celtiques.com\/#organization\",\"name\":\"Club de Handball Celtique de Montr\u00e9al\",\"url\":\"https:\/\/celtiques.com\/\",\"logo\":{\"@type\":\"ImageObject\",\"inLanguage\":\"fr-FR\",\"@id\":\"https:\/\/celtiques.com\/#\/schema\/logo\/image\/\",\"url\":\"https:\/\/celtiques.com\/wp-content\/uploads\/2023\/06\/cropped-logo_celtique_clean.png\",\"contentUrl\":\"https:\/\/celtiques.com\/wp-content\/uploads\/2023\/06\/cropped-logo_celtique_clean.png\",\"width\":512,\"height\":512,\"caption\":\"Club de Handball Celtique de Montr\u00e9al\"},\"image\":{\"@id\":\"https:\/\/celtiques.com\/#\/schema\/logo\/image\/\"},\"sameAs\":[\"https:\/\/www.facebook.com\/HandballClubCeltiqueDeMontreal\",\"https:\/\/www.instagram.com\/celtiquehandball\/\"]}]}<\/script>\n<!-- \/ Yoast SEO plugin. -->","yoast_head_json":{"title":"r\u00e9cr\u00e9atif","description":"Accueil &gt; \u00c9quipes &gt; R\u00e9cr\u00e9atifR\u00e9cr\u00e9atifLa ligue r\u00e9cr\u00e9ative est ouverte pour les joueurs et joueuses qui souhaitent pratiquer le handball sans comp\u00e9tition officielle, avec d\u2019autres passionn\u00e9s, dans la joie et la bonne humeur. L\u2019investissement personnel en termes de temps est plus r\u00e9duit par rapport au comp\u00e9titif, mais le fun et l\u2019esprit d\u2019\u00e9quipe y sont tout aussi [&hellip;]","robots":{"index":"index","follow":"follow","max-snippet":"max-snippet:-1","max-image-preview":"max-image-preview:large","max-video-preview":"max-video-preview:-1"},"canonical":"https:\/\/celtiques.com\/?page_id=231216","og_locale":"fr_FR","og_type":"article","og_title":"r\u00e9cr\u00e9atif","og_description":"Accueil &gt; \u00c9quipes &gt; R\u00e9cr\u00e9atifR\u00e9cr\u00e9atifLa ligue r\u00e9cr\u00e9ative est ouverte pour les joueurs et joueuses qui souhaitent pratiquer le handball sans comp\u00e9tition officielle, avec d\u2019autres passionn\u00e9s, dans la joie et la bonne humeur. L\u2019investissement personnel en termes de temps est plus r\u00e9duit par rapport au comp\u00e9titif, mais le fun et l\u2019esprit d\u2019\u00e9quipe y sont tout aussi [&hellip;]","og_url":"https:\/\/celtiques.com\/?page_id=231216","og_site_name":"Club de Handball Celtique de Montr\u00e9al","article_publisher":"https:\/\/www.facebook.com\/HandballClubCeltiqueDeMontreal","article_modified_time":"2023-06-16T03:43:51+00:00","twitter_card":"summary_large_image","twitter_misc":{"Dur\u00e9e de lecture estim\u00e9e":"2 minutes"},"schema":{"@context":"https:\/\/schema.org","@graph":[{"@type":"WebPage","@id":"https:\/\/celtiques.com\/?page_id=231216","url":"https:\/\/celtiques.com\/?page_id=231216","name":"r\u00e9cr\u00e9atif","isPartOf":{"@id":"https:\/\/celtiques.com\/#website"},"datePublished":"2023-03-29T18:00:22+00:00","dateModified":"2023-06-16T03:43:51+00:00","breadcrumb":{"@id":"https:\/\/celtiques.com\/?page_id=231216#breadcrumb"},"inLanguage":"fr-FR","potentialAction":[{"@type":"ReadAction","target":["https:\/\/celtiques.com\/?page_id=231216"]}]},{"@type":"BreadcrumbList","@id":"https:\/\/celtiques.com\/?page_id=231216#breadcrumb","itemListElement":[{"@type":"ListItem","position":1,"name":"Accueil","item":"https:\/\/celtiques.com\/"},{"@type":"ListItem","position":2,"name":"r\u00e9cr\u00e9atif"}]},{"@type":"WebSite","@id":"https:\/\/celtiques.com\/#website","url":"https:\/\/celtiques.com\/","name":"Club de Handball Celtique de Montr\u00e9al","description":"Club de Handball Celtique de Montr\u00e9al","publisher":{"@id":"https:\/\/celtiques.com\/#organization"},"potentialAction":[{"@type":"SearchAction","target":{"@type":"EntryPoint","urlTemplate":"https:\/\/celtiques.com\/?s={search_term_string}"},"query-input":{"@type":"PropertyValueSpecification","valueRequired":true,"valueName":"search_term_string"}}],"inLanguage":"fr-FR"},{"@type":"Organization","@id":"https:\/\/celtiques.com\/#organization","name":"Club de Handball Celtique de Montr\u00e9al","url":"https:\/\/celtiques.com\/","logo":{"@type":"ImageObject","inLanguage":"fr-FR","@id":"https:\/\/celtiques.com\/#\/schema\/logo\/image\/","url":"https:\/\/celtiques.com\/wp-content\/uploads\/2023\/06\/cropped-logo_celtique_clean.png","contentUrl":"https:\/\/celtiques.com\/wp-content\/uploads\/2023\/06\/cropped-logo_celtique_clean.png","width":512,"height":512,"caption":"Club de Handball Celtique de Montr\u00e9al"},"image":{"@id":"https:\/\/celtiques.com\/#\/schema\/logo\/image\/"},"sameAs":["https:\/\/www.facebook.com\/HandballClubCeltiqueDeMontreal","https:\/\/www.instagram.com\/celtiquehandball\/"]}]}},"_links":{"self":[{"href":"https:\/\/celtiques.com\/index.php?rest_route=\/wp\/v2\/pages\/231216","targetHints":{"allow":["GET"]}}],"collection":[{"href":"https:\/\/celtiques.com\/index.php?rest_route=\/wp\/v2\/pages"}],"about":[{"href":"https:\/\/celtiques.com\/index.php?rest_route=\/wp\/v2\/types\/page"}],"author":[{"embeddable":true,"href":"https:\/\/celtiques.com\/index.php?rest_route=\/wp\/v2\/users\/1"}],"replies":[{"embeddable":true,"href":"https:\/\/celtiques.com\/index.php?rest_route=%2Fwp%2Fv2%2Fcomments&post=231216"}],"version-history":[{"count":0,"href":"https:\/\/celtiques.com\/index.php?rest_route=\/wp\/v2\/pages\/231216\/revisions"}],"wp:attachment":[{"href":"https:\/\/celtiques.com\/index.php?rest_route=%2Fwp%2Fv2%2Fmedia&parent=231216"}],"curies":[{"name":"wp","href":"https:\/\/api.w.org\/{rel}","templated":true}]}}