{"id":231210,"date":"2023-03-29T17:46:38","date_gmt":"2023-03-29T17:46:38","guid":{"rendered":"http:\/\/www.celtiques.com\/?page_id=231210"},"modified":"2023-06-06T14:54:39","modified_gmt":"2023-06-06T14:54:39","slug":"clinique-gardiens","status":"publish","type":"page","link":"https:\/\/celtiques.com\/?page_id=231210","title":{"rendered":"Clinique gardiens"},"content":{"rendered":"<p>[et_pb_section fb_built=\u00a0\u00bb1&Prime; fullwidth=\u00a0\u00bbon\u00a0\u00bb _builder_version=\u00a0\u00bb4.20.2&Prime; _module_preset=\u00a0\u00bbdefault\u00a0\u00bb background_color=\u00a0\u00bb#01864A\u00a0\u00bb background_image=\u00a0\u00bbhttp:\/\/www.celtiques.com\/wp-content\/uploads\/2023\/01\/pascal-swier-otuM-nw-_NY-unsplash-scaled.webp\u00a0\u00bb background_position=\u00a0\u00bbbottom_center\u00a0\u00bb background_vertical_offset=\u00a0\u00bb30%\u00a0\u00bb background_blend=\u00a0\u00bbmultiply\u00a0\u00bb height=\u00a0\u00bb250px\u00a0\u00bb locked=\u00a0\u00bboff\u00a0\u00bb global_colors_info=\u00a0\u00bb{}\u00a0\u00bb][\/et_pb_section][et_pb_section fb_built=\u00a0\u00bb1&Prime; admin_label=\u00a0\u00bbMarket Information Section\u00a0\u00bb _builder_version=\u00a0\u00bb4.20.2&Prime; background_color=\u00a0\u00bb#FFFFFF\u00a0\u00bb custom_margin=\u00a0\u00bb||0px||false|false\u00a0\u00bb custom_padding=\u00a0\u00bb36px|0px|0px||false|false\u00a0\u00bb global_colors_info=\u00a0\u00bb{}\u00a0\u00bb][et_pb_row column_structure=\u00a0\u00bb3_4,1_4&Prime; admin_label=\u00a0\u00bbMarket Information Title Area\u00a0\u00bb _builder_version=\u00a0\u00bb4.20.2&Prime; custom_padding=\u00a0\u00bb7px|0px|5px|0px||\u00a0\u00bb hover_enabled=\u00a0\u00bb0&Prime; custom_css_main_element=\u00a0\u00bbalign-items:center;||margin:auto;\u00a0\u00bb global_colors_info=\u00a0\u00bb{}\u00a0\u00bb animation_style=\u00a0\u00bbfade\u00a0\u00bb sticky_enabled=\u00a0\u00bb0&Prime;][et_pb_column type=\u00a0\u00bb3_4&Prime; _builder_version=\u00a0\u00bb4.20.2&Prime; custom_padding=\u00a0\u00bb|0px|||false|false\u00a0\u00bb global_colors_info=\u00a0\u00bb{}\u00a0\u00bb custom_padding__hover=\u00a0\u00bb|||\u00a0\u00bb][et_pb_text _builder_version=\u00a0\u00bb4.20.2&Prime; text_font=\u00a0\u00bbPoppins||||||||\u00a0\u00bb text_text_color=\u00a0\u00bb#333333&Prime; text_font_size=\u00a0\u00bb13px\u00a0\u00bb header_font=\u00a0\u00bb||||||||\u00a0\u00bb header_2_font=\u00a0\u00bbMontserrat|700||on|||||\u00a0\u00bb header_2_text_color=\u00a0\u00bb#01864A\u00a0\u00bb header_2_font_size=\u00a0\u00bb36px\u00a0\u00bb header_4_text_color=\u00a0\u00bb#333333&Prime; header_4_line_height=\u00a0\u00bb1.2em\u00a0\u00bb custom_margin=\u00a0\u00bb1%||5.2%||false|false\u00a0\u00bb custom_padding=\u00a0\u00bb||0px||false|false\u00a0\u00bb animation_direction=\u00a0\u00bbleft\u00a0\u00bb global_colors_info=\u00a0\u00bb{}\u00a0\u00bb]<\/p>\n<p><a href=\"\/\">Accueil<\/a> &gt; <a href=\"\/equipes\">\u00c9quipes<\/a> &gt; <strong>Clinique gardiens<\/strong><\/p>\n<p>[\/et_pb_text][et_pb_text admin_label=\u00a0\u00bbTitle\u00a0\u00bb _builder_version=\u00a0\u00bb4.20.2&Prime; text_font=\u00a0\u00bbPoppins||||||||\u00a0\u00bb text_text_color=\u00a0\u00bb#000000&Prime; text_font_size=\u00a0\u00bb15px\u00a0\u00bb header_font=\u00a0\u00bb||||||||\u00a0\u00bb header_text_align=\u00a0\u00bbcenter\u00a0\u00bb header_text_color=\u00a0\u00bb#333333&Prime; header_font_size=\u00a0\u00bb50px\u00a0\u00bb header_line_height=\u00a0\u00bb1.1em\u00a0\u00bb header_2_font=\u00a0\u00bbMontserrat|700||on|||||\u00a0\u00bb header_2_text_color=\u00a0\u00bb#333333&Prime; header_2_font_size=\u00a0\u00bb50px\u00a0\u00bb header_2_line_height=\u00a0\u00bb1.1em\u00a0\u00bb custom_margin=\u00a0\u00bb||2%||false|false\u00a0\u00bb custom_padding=\u00a0\u00bb|||\u00a0\u00bb animation_direction=\u00a0\u00bbleft\u00a0\u00bb header_font_size_tablet=\u00a0\u00bb45px\u00a0\u00bb header_font_size_phone=\u00a0\u00bb40px\u00a0\u00bb header_font_size_last_edited=\u00a0\u00bbon|phone\u00a0\u00bb header_2_font_size_tablet=\u00a0\u00bb45px\u00a0\u00bb header_2_font_size_phone=\u00a0\u00bb30px\u00a0\u00bb header_2_font_size_last_edited=\u00a0\u00bbon|desktop\u00a0\u00bb global_colors_info=\u00a0\u00bb{}\u00a0\u00bb]<\/p>\n<h1 style=\"text-align: left;\">Clinique gardiens<\/h1>\n<p>[\/et_pb_text][et_pb_text _builder_version=\u00a0\u00bb4.20.2&Prime; text_font=\u00a0\u00bbPoppins||||||||\u00a0\u00bb text_text_color=\u00a0\u00bb#000000&Prime; text_font_size=\u00a0\u00bb15px\u00a0\u00bb header_font=\u00a0\u00bb||||||||\u00a0\u00bb header_2_font=\u00a0\u00bbMontserrat||||||||\u00a0\u00bb header_2_text_color=\u00a0\u00bb#01864A\u00a0\u00bb header_2_font_size=\u00a0\u00bb22px\u00a0\u00bb header_2_line_height=\u00a0\u00bb1.3em\u00a0\u00bb header_4_text_color=\u00a0\u00bb#333333&Prime; header_4_line_height=\u00a0\u00bb1.2em\u00a0\u00bb custom_margin=\u00a0\u00bb||9px||false|false\u00a0\u00bb custom_padding=\u00a0\u00bb||0px||false|false\u00a0\u00bb animation_direction=\u00a0\u00bbleft\u00a0\u00bb global_colors_info=\u00a0\u00bb{}\u00a0\u00bb]<\/p>\n<h2>Ouvert aux athl\u00e8tes \u00e0 partir de la cat\u00e9gorie benjamin.e jusqu\u2019au senior, un entra\u00eenement sp\u00e9cifique hebdomadaire est mis en place pour les gardiens qui souhaiteraient se perfectionner.<\/h2>\n<p>[\/et_pb_text][et_pb_text _builder_version=\u00a0\u00bb4.20.2&Prime; text_font=\u00a0\u00bbPoppins||||||||\u00a0\u00bb text_text_color=\u00a0\u00bb#000000&Prime; header_font=\u00a0\u00bb||||||||\u00a0\u00bb header_2_font=\u00a0\u00bbMontserrat|700||on|||||\u00a0\u00bb header_2_text_color=\u00a0\u00bb#01864A\u00a0\u00bb header_2_font_size=\u00a0\u00bb36px\u00a0\u00bb header_4_text_color=\u00a0\u00bb#333333&Prime; header_4_line_height=\u00a0\u00bb1.2em\u00a0\u00bb custom_margin=\u00a0\u00bb1%||3%||false|false\u00a0\u00bb custom_padding=\u00a0\u00bb||0px||false|false\u00a0\u00bb animation_direction=\u00a0\u00bbleft\u00a0\u00bb global_colors_info=\u00a0\u00bb{}\u00a0\u00bb]<\/p>\n<p>Une occasion pour les gardiens de d\u00e9velopper les habilet\u00e9s physiques et techniques sp\u00e9cifiques \u00e0 ce poste cl\u00e9. <br \/>Cette clinique est ouverte \u00e0 tout.es les gardien.nes de la r\u00e9gion.<\/p>\n<p>[\/et_pb_text][et_pb_blog include_categories=\u00a0\u00bb43&Prime; disabled_on=\u00a0\u00bbon|on|on\u00a0\u00bb _builder_version=\u00a0\u00bb4.20.2&Prime; _module_preset=\u00a0\u00bbdefault\u00a0\u00bb hover_enabled=\u00a0\u00bb0&Prime; disabled=\u00a0\u00bbon\u00a0\u00bb locked=\u00a0\u00bboff\u00a0\u00bb global_colors_info=\u00a0\u00bb{}\u00a0\u00bb animation_style=\u00a0\u00bbfade\u00a0\u00bb sticky_enabled=\u00a0\u00bb0&Prime;][\/et_pb_blog][\/et_pb_column][et_pb_column type=\u00a0\u00bb1_4&Prime; _builder_version=\u00a0\u00bb4.16&Prime; custom_padding=\u00a0\u00bb|||\u00a0\u00bb global_colors_info=\u00a0\u00bb{}\u00a0\u00bb custom_padding__hover=\u00a0\u00bb|||\u00a0\u00bb][\/et_pb_column][\/et_pb_row][et_pb_row _builder_version=\u00a0\u00bb4.20.2&Prime; _module_preset=\u00a0\u00bbdefault\u00a0\u00bb width=\u00a0\u00bb100%\u00a0\u00bb custom_margin=\u00a0\u00bb0px||60px||false|false\u00a0\u00bb custom_padding=\u00a0\u00bb0px||0px||false|false\u00a0\u00bb hover_enabled=\u00a0\u00bb0&Prime; global_colors_info=\u00a0\u00bb{}\u00a0\u00bb animation_style=\u00a0\u00bbfade\u00a0\u00bb sticky_enabled=\u00a0\u00bb0&Prime;][et_pb_column type=\u00a0\u00bb4_4&Prime; _builder_version=\u00a0\u00bb4.20.2&Prime; _module_preset=\u00a0\u00bbdefault\u00a0\u00bb global_colors_info=\u00a0\u00bb{}\u00a0\u00bb][et_pb_cta title=\u00a0\u00bbContactez-nous pour plus d&rsquo;informations sur la clinique de gardiens\u00a0\u00bb button_url=\u00a0\u00bb@ET-DC@eyJkeW5hbWljIjp0cnVlLCJjb250ZW50IjoicG9zdF9saW5rX3VybF9wYWdlIiwic2V0dGluZ3MiOnsicG9zdF9pZCI6IjM3MzMifX0=@\u00a0\u00bb button_text=\u00a0\u00bbContacter le Club\u00a0\u00bb _builder_version=\u00a0\u00bb4.20.2&Prime; _dynamic_attributes=\u00a0\u00bbbutton_url\u00a0\u00bb _module_preset=\u00a0\u00bbdefault\u00a0\u00bb background_image=\u00a0\u00bbhttp:\/\/www.celtiques.com\/wp-content\/uploads\/2023\/03\/5-jpg.webp\u00a0\u00bb background_blend=\u00a0\u00bbmultiply\u00a0\u00bb custom_button=\u00a0\u00bbon\u00a0\u00bb button_text_color=\u00a0\u00bb#FFFFFF\u00a0\u00bb button_bg_color=\u00a0\u00bb#01864A\u00a0\u00bb button_font=\u00a0\u00bb|600|||||||\u00a0\u00bb button_icon=\u00a0\u00bb&#xf105;||fa||900&Prime; button_custom_padding=\u00a0\u00bb10px|26px|10px|26px|true|true\u00a0\u00bb custom_margin=\u00a0\u00bb||0px||false|false\u00a0\u00bb custom_padding=\u00a0\u00bb80px|10%|80px|10%|true|true\u00a0\u00bb sticky_position=\u00a0\u00bbtop\u00a0\u00bb sticky_offset_top=\u00a0\u00bb70px\u00a0\u00bb sticky_limit_bottom=\u00a0\u00bbbody\u00a0\u00bb motion_trigger_start=\u00a0\u00bbtop\u00a0\u00bb locked=\u00a0\u00bboff\u00a0\u00bb global_colors_info=\u00a0\u00bb{}\u00a0\u00bb][\/et_pb_cta][\/et_pb_column][\/et_pb_row][\/et_pb_section]<\/p>\n","protected":false},"excerpt":{"rendered":"<p>Accueil &gt; \u00c9quipes &gt; Clinique gardiensClinique gardiensOuvert aux athl\u00e8tes \u00e0 partir de la cat\u00e9gorie benjamin.e jusqu\u2019au senior, un entra\u00eenement sp\u00e9cifique hebdomadaire est mis en place pour les gardiens qui souhaiteraient se perfectionner.Une occasion pour les gardiens de d\u00e9velopper les habilet\u00e9s physiques et techniques sp\u00e9cifiques \u00e0 ce poste cl\u00e9. Cette clinique est ouverte \u00e0 tout.es les [&hellip;]<\/p>\n","protected":false},"author":1,"featured_media":0,"parent":0,"menu_order":0,"comment_status":"closed","ping_status":"closed","template":"","meta":{"_et_pb_use_builder":"on","_et_pb_old_content":"","_et_gb_content_width":"","footnotes":""},"class_list":["post-231210","page","type-page","status-publish","hentry"],"yoast_head":"<!-- This site is optimized with the Yoast SEO plugin v26.8 - https:\/\/yoast.com\/product\/yoast-seo-wordpress\/ -->\n<title>Clinique gardiens<\/title>\n<meta name=\"description\" content=\"Accueil &gt; \u00c9quipes &gt; Clinique gardiensClinique gardiensOuvert aux athl\u00e8tes \u00e0 partir de la cat\u00e9gorie benjamin.e jusqu\u2019au senior, un entra\u00eenement sp\u00e9cifique hebdomadaire est mis en place pour les gardiens qui souhaiteraient se perfectionner.Une occasion pour les gardiens de d\u00e9velopper les habilet\u00e9s physiques et techniques sp\u00e9cifiques \u00e0 ce poste cl\u00e9. Cette clinique est ouverte \u00e0 tout.es les [&hellip;]\" \/>\n<meta name=\"robots\" content=\"index, follow, max-snippet:-1, max-image-preview:large, max-video-preview:-1\" \/>\n<link rel=\"canonical\" href=\"https:\/\/celtiques.com\/?page_id=231210\" \/>\n<meta property=\"og:locale\" content=\"fr_FR\" \/>\n<meta property=\"og:type\" content=\"article\" \/>\n<meta property=\"og:title\" content=\"Clinique gardiens\" \/>\n<meta property=\"og:description\" content=\"Accueil &gt; \u00c9quipes &gt; Clinique gardiensClinique gardiensOuvert aux athl\u00e8tes \u00e0 partir de la cat\u00e9gorie benjamin.e jusqu\u2019au senior, un entra\u00eenement sp\u00e9cifique hebdomadaire est mis en place pour les gardiens qui souhaiteraient se perfectionner.Une occasion pour les gardiens de d\u00e9velopper les habilet\u00e9s physiques et techniques sp\u00e9cifiques \u00e0 ce poste cl\u00e9. Cette clinique est ouverte \u00e0 tout.es les [&hellip;]\" \/>\n<meta property=\"og:url\" content=\"https:\/\/celtiques.com\/?page_id=231210\" \/>\n<meta property=\"og:site_name\" content=\"Club de Handball Celtique de Montr\u00e9al\" \/>\n<meta property=\"article:publisher\" content=\"https:\/\/www.facebook.com\/HandballClubCeltiqueDeMontreal\" \/>\n<meta property=\"article:modified_time\" content=\"2023-06-06T14:54:39+00:00\" \/>\n<meta name=\"twitter:card\" content=\"summary_large_image\" \/>\n<meta name=\"twitter:label1\" content=\"Dur\u00e9e de lecture estim\u00e9e\" \/>\n\t<meta name=\"twitter:data1\" content=\"2 minutes\" \/>\n<script type=\"application\/ld+json\" class=\"yoast-schema-graph\">{\"@context\":\"https:\/\/schema.org\",\"@graph\":[{\"@type\":\"WebPage\",\"@id\":\"https:\/\/celtiques.com\/?page_id=231210\",\"url\":\"https:\/\/celtiques.com\/?page_id=231210\",\"name\":\"Clinique gardiens\",\"isPartOf\":{\"@id\":\"https:\/\/celtiques.com\/#website\"},\"datePublished\":\"2023-03-29T17:46:38+00:00\",\"dateModified\":\"2023-06-06T14:54:39+00:00\",\"breadcrumb\":{\"@id\":\"https:\/\/celtiques.com\/?page_id=231210#breadcrumb\"},\"inLanguage\":\"fr-FR\",\"potentialAction\":[{\"@type\":\"ReadAction\",\"target\":[\"https:\/\/celtiques.com\/?page_id=231210\"]}]},{\"@type\":\"BreadcrumbList\",\"@id\":\"https:\/\/celtiques.com\/?page_id=231210#breadcrumb\",\"itemListElement\":[{\"@type\":\"ListItem\",\"position\":1,\"name\":\"Accueil\",\"item\":\"https:\/\/celtiques.com\/\"},{\"@type\":\"ListItem\",\"position\":2,\"name\":\"Clinique gardiens\"}]},{\"@type\":\"WebSite\",\"@id\":\"https:\/\/celtiques.com\/#website\",\"url\":\"https:\/\/celtiques.com\/\",\"name\":\"Club de Handball Celtique de Montr\u00e9al\",\"description\":\"Club de Handball Celtique de Montr\u00e9al\",\"publisher\":{\"@id\":\"https:\/\/celtiques.com\/#organization\"},\"potentialAction\":[{\"@type\":\"SearchAction\",\"target\":{\"@type\":\"EntryPoint\",\"urlTemplate\":\"https:\/\/celtiques.com\/?s={search_term_string}\"},\"query-input\":{\"@type\":\"PropertyValueSpecification\",\"valueRequired\":true,\"valueName\":\"search_term_string\"}}],\"inLanguage\":\"fr-FR\"},{\"@type\":\"Organization\",\"@id\":\"https:\/\/celtiques.com\/#organization\",\"name\":\"Club de Handball Celtique de Montr\u00e9al\",\"url\":\"https:\/\/celtiques.com\/\",\"logo\":{\"@type\":\"ImageObject\",\"inLanguage\":\"fr-FR\",\"@id\":\"https:\/\/celtiques.com\/#\/schema\/logo\/image\/\",\"url\":\"https:\/\/celtiques.com\/wp-content\/uploads\/2023\/06\/cropped-logo_celtique_clean.png\",\"contentUrl\":\"https:\/\/celtiques.com\/wp-content\/uploads\/2023\/06\/cropped-logo_celtique_clean.png\",\"width\":512,\"height\":512,\"caption\":\"Club de Handball Celtique de Montr\u00e9al\"},\"image\":{\"@id\":\"https:\/\/celtiques.com\/#\/schema\/logo\/image\/\"},\"sameAs\":[\"https:\/\/www.facebook.com\/HandballClubCeltiqueDeMontreal\",\"https:\/\/www.instagram.com\/celtiquehandball\/\"]}]}<\/script>\n<!-- \/ Yoast SEO plugin. -->","yoast_head_json":{"title":"Clinique gardiens","description":"Accueil &gt; \u00c9quipes &gt; Clinique gardiensClinique gardiensOuvert aux athl\u00e8tes \u00e0 partir de la cat\u00e9gorie benjamin.e jusqu\u2019au senior, un entra\u00eenement sp\u00e9cifique hebdomadaire est mis en place pour les gardiens qui souhaiteraient se perfectionner.Une occasion pour les gardiens de d\u00e9velopper les habilet\u00e9s physiques et techniques sp\u00e9cifiques \u00e0 ce poste cl\u00e9. Cette clinique est ouverte \u00e0 tout.es les [&hellip;]","robots":{"index":"index","follow":"follow","max-snippet":"max-snippet:-1","max-image-preview":"max-image-preview:large","max-video-preview":"max-video-preview:-1"},"canonical":"https:\/\/celtiques.com\/?page_id=231210","og_locale":"fr_FR","og_type":"article","og_title":"Clinique gardiens","og_description":"Accueil &gt; \u00c9quipes &gt; Clinique gardiensClinique gardiensOuvert aux athl\u00e8tes \u00e0 partir de la cat\u00e9gorie benjamin.e jusqu\u2019au senior, un entra\u00eenement sp\u00e9cifique hebdomadaire est mis en place pour les gardiens qui souhaiteraient se perfectionner.Une occasion pour les gardiens de d\u00e9velopper les habilet\u00e9s physiques et techniques sp\u00e9cifiques \u00e0 ce poste cl\u00e9. Cette clinique est ouverte \u00e0 tout.es les [&hellip;]","og_url":"https:\/\/celtiques.com\/?page_id=231210","og_site_name":"Club de Handball Celtique de Montr\u00e9al","article_publisher":"https:\/\/www.facebook.com\/HandballClubCeltiqueDeMontreal","article_modified_time":"2023-06-06T14:54:39+00:00","twitter_card":"summary_large_image","twitter_misc":{"Dur\u00e9e de lecture estim\u00e9e":"2 minutes"},"schema":{"@context":"https:\/\/schema.org","@graph":[{"@type":"WebPage","@id":"https:\/\/celtiques.com\/?page_id=231210","url":"https:\/\/celtiques.com\/?page_id=231210","name":"Clinique gardiens","isPartOf":{"@id":"https:\/\/celtiques.com\/#website"},"datePublished":"2023-03-29T17:46:38+00:00","dateModified":"2023-06-06T14:54:39+00:00","breadcrumb":{"@id":"https:\/\/celtiques.com\/?page_id=231210#breadcrumb"},"inLanguage":"fr-FR","potentialAction":[{"@type":"ReadAction","target":["https:\/\/celtiques.com\/?page_id=231210"]}]},{"@type":"BreadcrumbList","@id":"https:\/\/celtiques.com\/?page_id=231210#breadcrumb","itemListElement":[{"@type":"ListItem","position":1,"name":"Accueil","item":"https:\/\/celtiques.com\/"},{"@type":"ListItem","position":2,"name":"Clinique gardiens"}]},{"@type":"WebSite","@id":"https:\/\/celtiques.com\/#website","url":"https:\/\/celtiques.com\/","name":"Club de Handball Celtique de Montr\u00e9al","description":"Club de Handball Celtique de Montr\u00e9al","publisher":{"@id":"https:\/\/celtiques.com\/#organization"},"potentialAction":[{"@type":"SearchAction","target":{"@type":"EntryPoint","urlTemplate":"https:\/\/celtiques.com\/?s={search_term_string}"},"query-input":{"@type":"PropertyValueSpecification","valueRequired":true,"valueName":"search_term_string"}}],"inLanguage":"fr-FR"},{"@type":"Organization","@id":"https:\/\/celtiques.com\/#organization","name":"Club de Handball Celtique de Montr\u00e9al","url":"https:\/\/celtiques.com\/","logo":{"@type":"ImageObject","inLanguage":"fr-FR","@id":"https:\/\/celtiques.com\/#\/schema\/logo\/image\/","url":"https:\/\/celtiques.com\/wp-content\/uploads\/2023\/06\/cropped-logo_celtique_clean.png","contentUrl":"https:\/\/celtiques.com\/wp-content\/uploads\/2023\/06\/cropped-logo_celtique_clean.png","width":512,"height":512,"caption":"Club de Handball Celtique de Montr\u00e9al"},"image":{"@id":"https:\/\/celtiques.com\/#\/schema\/logo\/image\/"},"sameAs":["https:\/\/www.facebook.com\/HandballClubCeltiqueDeMontreal","https:\/\/www.instagram.com\/celtiquehandball\/"]}]}},"_links":{"self":[{"href":"https:\/\/celtiques.com\/index.php?rest_route=\/wp\/v2\/pages\/231210","targetHints":{"allow":["GET"]}}],"collection":[{"href":"https:\/\/celtiques.com\/index.php?rest_route=\/wp\/v2\/pages"}],"about":[{"href":"https:\/\/celtiques.com\/index.php?rest_route=\/wp\/v2\/types\/page"}],"author":[{"embeddable":true,"href":"https:\/\/celtiques.com\/index.php?rest_route=\/wp\/v2\/users\/1"}],"replies":[{"embeddable":true,"href":"https:\/\/celtiques.com\/index.php?rest_route=%2Fwp%2Fv2%2Fcomments&post=231210"}],"version-history":[{"count":0,"href":"https:\/\/celtiques.com\/index.php?rest_route=\/wp\/v2\/pages\/231210\/revisions"}],"wp:attachment":[{"href":"https:\/\/celtiques.com\/index.php?rest_route=%2Fwp%2Fv2%2Fmedia&parent=231210"}],"curies":[{"name":"wp","href":"https:\/\/api.w.org\/{rel}","templated":true}]}}