{"id":231207,"date":"2023-03-29T17:35:34","date_gmt":"2023-03-29T17:35:34","guid":{"rendered":"http:\/\/www.celtiques.com\/?page_id=231207"},"modified":"2025-09-11T16:45:11","modified_gmt":"2025-09-11T16:45:11","slug":"formations","status":"publish","type":"page","link":"https:\/\/celtiques.com\/?page_id=231207","title":{"rendered":"Formations"},"content":{"rendered":"<p>[et_pb_section fb_built=\u00a0\u00bb1&Prime; fullwidth=\u00a0\u00bbon\u00a0\u00bb _builder_version=\u00a0\u00bb4.20.2&Prime; _module_preset=\u00a0\u00bbdefault\u00a0\u00bb background_color=\u00a0\u00bb#01864A\u00a0\u00bb background_image=\u00a0\u00bbhttp:\/\/www.celtiques.com\/wp-content\/uploads\/2023\/01\/0C5A1369.webp\u00a0\u00bb background_blend=\u00a0\u00bbmultiply\u00a0\u00bb height=\u00a0\u00bb250px\u00a0\u00bb locked=\u00a0\u00bboff\u00a0\u00bb global_colors_info=\u00a0\u00bb{}\u00a0\u00bb][et_pb_fullwidth_image title_text=\u00a0\u00bbCHCM\u00a0\u00bb _builder_version=\u00a0\u00bb4.20.2&Prime; _module_preset=\u00a0\u00bbdefault\u00a0\u00bb background_enable_image=\u00a0\u00bboff\u00a0\u00bb background_size=\u00a0\u00bbinitial\u00a0\u00bb global_colors_info=\u00a0\u00bb{}\u00a0\u00bb][\/et_pb_fullwidth_image][\/et_pb_section][et_pb_section fb_built=\u00a0\u00bb1&Prime; admin_label=\u00a0\u00bbMarket Information Section\u00a0\u00bb _builder_version=\u00a0\u00bb4.19.5&Prime; background_color=\u00a0\u00bb#FFFFFF\u00a0\u00bb custom_margin=\u00a0\u00bb||100px||false|false\u00a0\u00bb custom_padding=\u00a0\u00bb85px|0px|0px|||\u00a0\u00bb global_colors_info=\u00a0\u00bb{}\u00a0\u00bb][et_pb_row column_structure=\u00a0\u00bb1_2,1_2&Prime; admin_label=\u00a0\u00bbMarket Information Title Area\u00a0\u00bb _builder_version=\u00a0\u00bb4.20.2&Prime; custom_padding=\u00a0\u00bb7px|0px|5px|0px||\u00a0\u00bb animation_style=\u00a0\u00bbfade\u00a0\u00bb locked=\u00a0\u00bboff\u00a0\u00bb global_colors_info=\u00a0\u00bb{}\u00a0\u00bb][et_pb_column type=\u00a0\u00bb1_2&Prime; _builder_version=\u00a0\u00bb4.16&Prime; custom_padding=\u00a0\u00bb|||\u00a0\u00bb global_colors_info=\u00a0\u00bb{}\u00a0\u00bb custom_padding__hover=\u00a0\u00bb|||\u00a0\u00bb][et_pb_text _builder_version=\u00a0\u00bb4.20.2&Prime; text_font=\u00a0\u00bbPoppins||||||||\u00a0\u00bb text_text_color=\u00a0\u00bb#333333&Prime; text_font_size=\u00a0\u00bb16px\u00a0\u00bb header_font=\u00a0\u00bb||||||||\u00a0\u00bb header_2_font=\u00a0\u00bbMontserrat|700||on|||||\u00a0\u00bb header_2_text_color=\u00a0\u00bb#01864A\u00a0\u00bb header_2_font_size=\u00a0\u00bb36px\u00a0\u00bb header_4_text_color=\u00a0\u00bb#333333&Prime; header_4_line_height=\u00a0\u00bb1.2em\u00a0\u00bb custom_margin=\u00a0\u00bb1%||6.3%||false|false\u00a0\u00bb custom_padding=\u00a0\u00bb||0px||false|false\u00a0\u00bb animation_direction=\u00a0\u00bbleft\u00a0\u00bb locked=\u00a0\u00bboff\u00a0\u00bb global_colors_info=\u00a0\u00bb{}\u00a0\u00bb]<\/p>\n<p><a href=\"\/\">Accueil<\/a> &gt; <strong>Formations<\/strong><\/p>\n<p>[\/et_pb_text][\/et_pb_column][et_pb_column type=\u00a0\u00bb1_2&Prime; _builder_version=\u00a0\u00bb4.19.5&Prime; _module_preset=\u00a0\u00bbdefault\u00a0\u00bb global_colors_info=\u00a0\u00bb{}\u00a0\u00bb][\/et_pb_column][\/et_pb_row][et_pb_row column_structure=\u00a0\u00bb1_2,1_2&Prime; admin_label=\u00a0\u00bbMarket Information Title Area\u00a0\u00bb _builder_version=\u00a0\u00bb4.20.2&Prime; custom_padding=\u00a0\u00bb7px|0px|5px|0px||\u00a0\u00bb animation_style=\u00a0\u00bbfade\u00a0\u00bb global_colors_info=\u00a0\u00bb{}\u00a0\u00bb][et_pb_column type=\u00a0\u00bb1_2&Prime; _builder_version=\u00a0\u00bb4.16&Prime; custom_padding=\u00a0\u00bb|||\u00a0\u00bb global_colors_info=\u00a0\u00bb{}\u00a0\u00bb custom_padding__hover=\u00a0\u00bb|||\u00a0\u00bb][et_pb_text admin_label=\u00a0\u00bbTitle\u00a0\u00bb _builder_version=\u00a0\u00bb4.20.2&Prime; text_font=\u00a0\u00bbPoppins||||||||\u00a0\u00bb text_text_color=\u00a0\u00bb#000000&Prime; text_font_size=\u00a0\u00bb15px\u00a0\u00bb header_font=\u00a0\u00bb||||||||\u00a0\u00bb header_text_align=\u00a0\u00bbcenter\u00a0\u00bb header_text_color=\u00a0\u00bb#333333&Prime; header_font_size=\u00a0\u00bb50px\u00a0\u00bb header_line_height=\u00a0\u00bb1.1em\u00a0\u00bb header_2_font=\u00a0\u00bbMontserrat|700||on|||||\u00a0\u00bb header_2_text_color=\u00a0\u00bb#333333&Prime; header_2_font_size=\u00a0\u00bb50px\u00a0\u00bb header_2_line_height=\u00a0\u00bb1.1em\u00a0\u00bb custom_margin=\u00a0\u00bb||2%||false|false\u00a0\u00bb custom_padding=\u00a0\u00bb|||\u00a0\u00bb animation_direction=\u00a0\u00bbleft\u00a0\u00bb header_font_size_tablet=\u00a0\u00bb45px\u00a0\u00bb header_font_size_phone=\u00a0\u00bb40px\u00a0\u00bb header_font_size_last_edited=\u00a0\u00bbon|phone\u00a0\u00bb header_2_font_size_tablet=\u00a0\u00bb45px\u00a0\u00bb header_2_font_size_phone=\u00a0\u00bb30px\u00a0\u00bb header_2_font_size_last_edited=\u00a0\u00bbon|desktop\u00a0\u00bb global_colors_info=\u00a0\u00bb{}\u00a0\u00bb]<\/p>\n<h1 style=\"text-align: left;\">Formations<\/h1>\n<p>[\/et_pb_text][\/et_pb_column][et_pb_column type=\u00a0\u00bb1_2&Prime; _builder_version=\u00a0\u00bb4.19.5&Prime; _module_preset=\u00a0\u00bbdefault\u00a0\u00bb global_colors_info=\u00a0\u00bb{}\u00a0\u00bb][\/et_pb_column][\/et_pb_row][et_pb_row column_structure=\u00a0\u00bb3_4,1_4&Prime; admin_label=\u00a0\u00bbMarket Information Title Area\u00a0\u00bb _builder_version=\u00a0\u00bb4.20.2&Prime; custom_padding=\u00a0\u00bb3px|0px|40px|0px||\u00a0\u00bb animation_style=\u00a0\u00bbfade\u00a0\u00bb global_colors_info=\u00a0\u00bb{}\u00a0\u00bb][et_pb_column type=\u00a0\u00bb3_4&Prime; _builder_version=\u00a0\u00bb4.16&Prime; custom_padding=\u00a0\u00bb|||\u00a0\u00bb global_colors_info=\u00a0\u00bb{}\u00a0\u00bb custom_padding__hover=\u00a0\u00bb|||\u00a0\u00bb][et_pb_text _builder_version=\u00a0\u00bb4.19.5&Prime; text_font=\u00a0\u00bbPoppins||||||||\u00a0\u00bb text_text_color=\u00a0\u00bb#000000&Prime; text_font_size=\u00a0\u00bb15px\u00a0\u00bb header_font=\u00a0\u00bb||||||||\u00a0\u00bb header_2_font=\u00a0\u00bbMontserrat||||||||\u00a0\u00bb header_2_text_color=\u00a0\u00bb#01864A\u00a0\u00bb header_2_font_size=\u00a0\u00bb22px\u00a0\u00bb header_2_line_height=\u00a0\u00bb1.3em\u00a0\u00bb header_4_text_color=\u00a0\u00bb#333333&Prime; header_4_line_height=\u00a0\u00bb1.2em\u00a0\u00bb custom_margin=\u00a0\u00bb||9px||false|false\u00a0\u00bb custom_padding=\u00a0\u00bb||0px||false|false\u00a0\u00bb animation_direction=\u00a0\u00bbleft\u00a0\u00bb global_colors_info=\u00a0\u00bb{}\u00a0\u00bb]<\/p>\n<h2>Les arbitres et entraineurs ont un r\u00f4le essentiel dans le d\u00e9veloppement du handball, chaque ann\u00e9e, nous nous recherchons des adultes et des jeunes int\u00e9ress\u00e9s \u00e0 s\u2019impliquer que ce soit au niveau de l\u2019arbitrage ou de l&rsquo;entra\u00eenement. <\/h2>\n<p>[\/et_pb_text][et_pb_text _builder_version=\u00a0\u00bb4.19.5&Prime; text_font=\u00a0\u00bbPoppins||||||||\u00a0\u00bb text_text_color=\u00a0\u00bb#000000&Prime; text_font_size=\u00a0\u00bb15px\u00a0\u00bb header_font=\u00a0\u00bb||||||||\u00a0\u00bb header_2_font=\u00a0\u00bbMontserrat|700||on|||||\u00a0\u00bb header_2_text_color=\u00a0\u00bb#01864A\u00a0\u00bb header_2_font_size=\u00a0\u00bb36px\u00a0\u00bb header_4_text_color=\u00a0\u00bb#333333&Prime; header_4_line_height=\u00a0\u00bb1.2em\u00a0\u00bb custom_margin=\u00a0\u00bb1%||3%||false|false\u00a0\u00bb custom_padding=\u00a0\u00bb||0px||false|false\u00a0\u00bb animation_direction=\u00a0\u00bbleft\u00a0\u00bb global_colors_info=\u00a0\u00bb{}\u00a0\u00bb]Nous proposons de prendre en charge leur formation, notamment les diff\u00e9rents stages propos\u00e9s par la F\u00e9d\u00e9ration Qu\u00e9b\u00e9coise de Handball Olympique (FQHO).[\/et_pb_text][\/et_pb_column][et_pb_column type=\u00a0\u00bb1_4&Prime; _builder_version=\u00a0\u00bb4.16&Prime; custom_padding=\u00a0\u00bb|||\u00a0\u00bb global_colors_info=\u00a0\u00bb{}\u00a0\u00bb custom_padding__hover=\u00a0\u00bb|||\u00a0\u00bb][\/et_pb_column][\/et_pb_row][et_pb_row _builder_version=\u00a0\u00bb4.20.2&Prime; _module_preset=\u00a0\u00bbdefault\u00a0\u00bb animation_style=\u00a0\u00bbfade\u00a0\u00bb hover_transition_duration=\u00a0\u00bb0ms\u00a0\u00bb hover_transition_speed_curve=\u00a0\u00bbease-in-out\u00a0\u00bb motion_trigger_start=\u00a0\u00bbtop\u00a0\u00bb locked=\u00a0\u00bboff\u00a0\u00bb global_colors_info=\u00a0\u00bb{}\u00a0\u00bb][et_pb_column type=\u00a0\u00bb4_4&Prime; _builder_version=\u00a0\u00bb4.20.2&Prime; _module_preset=\u00a0\u00bbdefault\u00a0\u00bb global_colors_info=\u00a0\u00bb{}\u00a0\u00bb][et_pb_cta title=\u00a0\u00bbContactez-nous pour plus d&rsquo;information\u00a0\u00bb button_url=\u00a0\u00bb@ET-DC@eyJkeW5hbWljIjp0cnVlLCJjb250ZW50IjoicG9zdF9saW5rX3VybF9wYWdlIiwic2V0dGluZ3MiOnsicG9zdF9pZCI6IjM3MzMifX0=@\u00a0\u00bb button_text=\u00a0\u00bbContacter le Club\u00a0\u00bb _builder_version=\u00a0\u00bb4.20.2&Prime; _dynamic_attributes=\u00a0\u00bbbutton_url\u00a0\u00bb _module_preset=\u00a0\u00bbdefault\u00a0\u00bb background_enable_color=\u00a0\u00bboff\u00a0\u00bb use_background_color_gradient=\u00a0\u00bbon\u00a0\u00bb background_color_gradient_direction=\u00a0\u00bb176deg\u00a0\u00bb background_color_gradient_stops=\u00a0\u00bbrgba(0,0,0,0.96) 0%|#01864a 99%\u00a0\u00bb background_image=\u00a0\u00bbhttp:\/\/www.celtiques.com\/wp-content\/uploads\/2023\/03\/2-jpg.webp\u00a0\u00bb background_blend=\u00a0\u00bbmultiply\u00a0\u00bb custom_button=\u00a0\u00bbon\u00a0\u00bb button_text_color=\u00a0\u00bb#FFFFFF\u00a0\u00bb button_bg_color=\u00a0\u00bb#01864A\u00a0\u00bb button_font=\u00a0\u00bb|600|||||||\u00a0\u00bb button_icon=\u00a0\u00bb&#xf105;||fa||900&Prime; button_custom_padding=\u00a0\u00bb10px|26px|10px|26px|true|true\u00a0\u00bb custom_padding=\u00a0\u00bb49px|15%||15%|false|true\u00a0\u00bb hover_transition_duration=\u00a0\u00bb0ms\u00a0\u00bb sticky_limit_bottom=\u00a0\u00bbbody\u00a0\u00bb motion_trigger_start=\u00a0\u00bbtop\u00a0\u00bb header_font_size_tablet=\u00a0\u00bb\u00a0\u00bb header_font_size_phone=\u00a0\u00bb22px\u00a0\u00bb header_font_size_last_edited=\u00a0\u00bbon|phone\u00a0\u00bb header_line_height_tablet=\u00a0\u00bb\u00a0\u00bb header_line_height_phone=\u00a0\u00bb1.3em\u00a0\u00bb header_line_height_last_edited=\u00a0\u00bbon|phone\u00a0\u00bb button_text_size_tablet=\u00a0\u00bb\u00a0\u00bb button_text_size_phone=\u00a0\u00bb15px\u00a0\u00bb button_text_size_last_edited=\u00a0\u00bbon|phone\u00a0\u00bb global_colors_info=\u00a0\u00bb{}\u00a0\u00bb button_bg_color__hover_enabled=\u00a0\u00bbon|hover\u00a0\u00bb button_bg_color__hover=\u00a0\u00bb#01864A\u00a0\u00bb button_bg_enable_color__hover=\u00a0\u00bbon\u00a0\u00bb][\/et_pb_cta][\/et_pb_column][\/et_pb_row][\/et_pb_section]<\/p>\n","protected":false},"excerpt":{"rendered":"<p>Accueil &gt; FormationsFormationsLes arbitres et entraineurs ont un r\u00f4le essentiel dans le d\u00e9veloppement du handball, chaque ann\u00e9e, nous nous recherchons des adultes et des jeunes int\u00e9ress\u00e9s \u00e0 s\u2019impliquer que ce soit au niveau de l\u2019arbitrage ou de l&rsquo;entra\u00eenement. Nous proposons de prendre en charge leur formation, notamment les diff\u00e9rents stages propos\u00e9s par la F\u00e9d\u00e9ration Qu\u00e9b\u00e9coise [&hellip;]<\/p>\n","protected":false},"author":1,"featured_media":0,"parent":0,"menu_order":0,"comment_status":"closed","ping_status":"closed","template":"","meta":{"_et_pb_use_builder":"on","_et_pb_old_content":"","_et_gb_content_width":"","footnotes":""},"class_list":["post-231207","page","type-page","status-publish","hentry"],"yoast_head":"<!-- This site is optimized with the Yoast SEO plugin v26.8 - https:\/\/yoast.com\/product\/yoast-seo-wordpress\/ -->\n<title>Formation arbitres et entra\u00eeneurs<\/title>\n<meta name=\"description\" content=\"Accueil &gt; FormationsFormationsLes arbitres et entraineurs ont un r\u00f4le essentiel dans le d\u00e9veloppement du handball, chaque ann\u00e9e, nous nous recherchons des adultes et des jeunes int\u00e9ress\u00e9s \u00e0 s\u2019impliquer que ce soit au niveau de l\u2019arbitrage ou de l&#039;entra\u00eenement. Nous proposons de prendre en charge leur formation, notamment les diff\u00e9rents stages propos\u00e9s par la F\u00e9d\u00e9ration Qu\u00e9b\u00e9coise [&hellip;]\" \/>\n<meta name=\"robots\" content=\"index, follow, max-snippet:-1, max-image-preview:large, max-video-preview:-1\" \/>\n<link rel=\"canonical\" href=\"https:\/\/celtiques.com\/?page_id=231207\" \/>\n<meta property=\"og:locale\" content=\"fr_FR\" \/>\n<meta property=\"og:type\" content=\"article\" \/>\n<meta property=\"og:title\" content=\"Formation arbitres et entra\u00eeneurs\" \/>\n<meta property=\"og:description\" content=\"Tenez-vous inform\u00e9.e des formations d\u2019officielles et d\u2019entraineurs qui sont propos\u00e9es tout au long de l\u2019ann\u00e9e.\" \/>\n<meta property=\"og:url\" content=\"https:\/\/celtiques.com\/?page_id=231207\" \/>\n<meta property=\"og:site_name\" content=\"Club de Handball Celtique de Montr\u00e9al\" \/>\n<meta property=\"article:publisher\" content=\"https:\/\/www.facebook.com\/HandballClubCeltiqueDeMontreal\" \/>\n<meta property=\"article:modified_time\" content=\"2025-09-11T16:45:11+00:00\" \/>\n<meta name=\"twitter:card\" content=\"summary_large_image\" \/>\n<meta name=\"twitter:label1\" content=\"Dur\u00e9e de lecture estim\u00e9e\" \/>\n\t<meta name=\"twitter:data1\" content=\"1 minute\" \/>\n<script type=\"application\/ld+json\" class=\"yoast-schema-graph\">{\"@context\":\"https:\/\/schema.org\",\"@graph\":[{\"@type\":\"WebPage\",\"@id\":\"https:\/\/celtiques.com\/?page_id=231207\",\"url\":\"https:\/\/celtiques.com\/?page_id=231207\",\"name\":\"Formation arbitres et entra\u00eeneurs\",\"isPartOf\":{\"@id\":\"https:\/\/celtiques.com\/#website\"},\"datePublished\":\"2023-03-29T17:35:34+00:00\",\"dateModified\":\"2025-09-11T16:45:11+00:00\",\"description\":\"Tenez-vous inform\u00e9.e des formations d\u2019officielles et d\u2019entraineurs qui sont propos\u00e9es tout au long de l\u2019ann\u00e9e.\",\"breadcrumb\":{\"@id\":\"https:\/\/celtiques.com\/?page_id=231207#breadcrumb\"},\"inLanguage\":\"fr-FR\",\"potentialAction\":[{\"@type\":\"ReadAction\",\"target\":[\"https:\/\/celtiques.com\/?page_id=231207\"]}]},{\"@type\":\"BreadcrumbList\",\"@id\":\"https:\/\/celtiques.com\/?page_id=231207#breadcrumb\",\"itemListElement\":[{\"@type\":\"ListItem\",\"position\":1,\"name\":\"Accueil\",\"item\":\"https:\/\/celtiques.com\/\"},{\"@type\":\"ListItem\",\"position\":2,\"name\":\"Formations\"}]},{\"@type\":\"WebSite\",\"@id\":\"https:\/\/celtiques.com\/#website\",\"url\":\"https:\/\/celtiques.com\/\",\"name\":\"Club de Handball Celtique de Montr\u00e9al\",\"description\":\"Club de Handball Celtique de Montr\u00e9al\",\"publisher\":{\"@id\":\"https:\/\/celtiques.com\/#organization\"},\"potentialAction\":[{\"@type\":\"SearchAction\",\"target\":{\"@type\":\"EntryPoint\",\"urlTemplate\":\"https:\/\/celtiques.com\/?s={search_term_string}\"},\"query-input\":{\"@type\":\"PropertyValueSpecification\",\"valueRequired\":true,\"valueName\":\"search_term_string\"}}],\"inLanguage\":\"fr-FR\"},{\"@type\":\"Organization\",\"@id\":\"https:\/\/celtiques.com\/#organization\",\"name\":\"Club de Handball Celtique de Montr\u00e9al\",\"url\":\"https:\/\/celtiques.com\/\",\"logo\":{\"@type\":\"ImageObject\",\"inLanguage\":\"fr-FR\",\"@id\":\"https:\/\/celtiques.com\/#\/schema\/logo\/image\/\",\"url\":\"https:\/\/celtiques.com\/wp-content\/uploads\/2023\/06\/cropped-logo_celtique_clean.png\",\"contentUrl\":\"https:\/\/celtiques.com\/wp-content\/uploads\/2023\/06\/cropped-logo_celtique_clean.png\",\"width\":512,\"height\":512,\"caption\":\"Club de Handball Celtique de Montr\u00e9al\"},\"image\":{\"@id\":\"https:\/\/celtiques.com\/#\/schema\/logo\/image\/\"},\"sameAs\":[\"https:\/\/www.facebook.com\/HandballClubCeltiqueDeMontreal\",\"https:\/\/www.instagram.com\/celtiquehandball\/\"]}]}<\/script>\n<!-- \/ Yoast SEO plugin. -->","yoast_head_json":{"title":"Formation arbitres et entra\u00eeneurs","description":"Accueil &gt; FormationsFormationsLes arbitres et entraineurs ont un r\u00f4le essentiel dans le d\u00e9veloppement du handball, chaque ann\u00e9e, nous nous recherchons des adultes et des jeunes int\u00e9ress\u00e9s \u00e0 s\u2019impliquer que ce soit au niveau de l\u2019arbitrage ou de l'entra\u00eenement. Nous proposons de prendre en charge leur formation, notamment les diff\u00e9rents stages propos\u00e9s par la F\u00e9d\u00e9ration Qu\u00e9b\u00e9coise [&hellip;]","robots":{"index":"index","follow":"follow","max-snippet":"max-snippet:-1","max-image-preview":"max-image-preview:large","max-video-preview":"max-video-preview:-1"},"canonical":"https:\/\/celtiques.com\/?page_id=231207","og_locale":"fr_FR","og_type":"article","og_title":"Formation arbitres et entra\u00eeneurs","og_description":"Tenez-vous inform\u00e9.e des formations d\u2019officielles et d\u2019entraineurs qui sont propos\u00e9es tout au long de l\u2019ann\u00e9e.","og_url":"https:\/\/celtiques.com\/?page_id=231207","og_site_name":"Club de Handball Celtique de Montr\u00e9al","article_publisher":"https:\/\/www.facebook.com\/HandballClubCeltiqueDeMontreal","article_modified_time":"2025-09-11T16:45:11+00:00","twitter_card":"summary_large_image","twitter_misc":{"Dur\u00e9e de lecture estim\u00e9e":"1 minute"},"schema":{"@context":"https:\/\/schema.org","@graph":[{"@type":"WebPage","@id":"https:\/\/celtiques.com\/?page_id=231207","url":"https:\/\/celtiques.com\/?page_id=231207","name":"Formation arbitres et entra\u00eeneurs","isPartOf":{"@id":"https:\/\/celtiques.com\/#website"},"datePublished":"2023-03-29T17:35:34+00:00","dateModified":"2025-09-11T16:45:11+00:00","description":"Tenez-vous inform\u00e9.e des formations d\u2019officielles et d\u2019entraineurs qui sont propos\u00e9es tout au long de l\u2019ann\u00e9e.","breadcrumb":{"@id":"https:\/\/celtiques.com\/?page_id=231207#breadcrumb"},"inLanguage":"fr-FR","potentialAction":[{"@type":"ReadAction","target":["https:\/\/celtiques.com\/?page_id=231207"]}]},{"@type":"BreadcrumbList","@id":"https:\/\/celtiques.com\/?page_id=231207#breadcrumb","itemListElement":[{"@type":"ListItem","position":1,"name":"Accueil","item":"https:\/\/celtiques.com\/"},{"@type":"ListItem","position":2,"name":"Formations"}]},{"@type":"WebSite","@id":"https:\/\/celtiques.com\/#website","url":"https:\/\/celtiques.com\/","name":"Club de Handball Celtique de Montr\u00e9al","description":"Club de Handball Celtique de Montr\u00e9al","publisher":{"@id":"https:\/\/celtiques.com\/#organization"},"potentialAction":[{"@type":"SearchAction","target":{"@type":"EntryPoint","urlTemplate":"https:\/\/celtiques.com\/?s={search_term_string}"},"query-input":{"@type":"PropertyValueSpecification","valueRequired":true,"valueName":"search_term_string"}}],"inLanguage":"fr-FR"},{"@type":"Organization","@id":"https:\/\/celtiques.com\/#organization","name":"Club de Handball Celtique de Montr\u00e9al","url":"https:\/\/celtiques.com\/","logo":{"@type":"ImageObject","inLanguage":"fr-FR","@id":"https:\/\/celtiques.com\/#\/schema\/logo\/image\/","url":"https:\/\/celtiques.com\/wp-content\/uploads\/2023\/06\/cropped-logo_celtique_clean.png","contentUrl":"https:\/\/celtiques.com\/wp-content\/uploads\/2023\/06\/cropped-logo_celtique_clean.png","width":512,"height":512,"caption":"Club de Handball Celtique de Montr\u00e9al"},"image":{"@id":"https:\/\/celtiques.com\/#\/schema\/logo\/image\/"},"sameAs":["https:\/\/www.facebook.com\/HandballClubCeltiqueDeMontreal","https:\/\/www.instagram.com\/celtiquehandball\/"]}]}},"_links":{"self":[{"href":"https:\/\/celtiques.com\/index.php?rest_route=\/wp\/v2\/pages\/231207","targetHints":{"allow":["GET"]}}],"collection":[{"href":"https:\/\/celtiques.com\/index.php?rest_route=\/wp\/v2\/pages"}],"about":[{"href":"https:\/\/celtiques.com\/index.php?rest_route=\/wp\/v2\/types\/page"}],"author":[{"embeddable":true,"href":"https:\/\/celtiques.com\/index.php?rest_route=\/wp\/v2\/users\/1"}],"replies":[{"embeddable":true,"href":"https:\/\/celtiques.com\/index.php?rest_route=%2Fwp%2Fv2%2Fcomments&post=231207"}],"version-history":[{"count":0,"href":"https:\/\/celtiques.com\/index.php?rest_route=\/wp\/v2\/pages\/231207\/revisions"}],"wp:attachment":[{"href":"https:\/\/celtiques.com\/index.php?rest_route=%2Fwp%2Fv2%2Fmedia&parent=231207"}],"curies":[{"name":"wp","href":"https:\/\/api.w.org\/{rel}","templated":true}]}}